{"id":357,"date":"2024-05-12T22:35:58","date_gmt":"2024-05-12T22:35:58","guid":{"rendered":"https:\/\/fashioncare.com.mx\/?page_id=357"},"modified":"2024-05-27T20:55:45","modified_gmt":"2024-05-27T20:55:45","slug":"catalogo","status":"publish","type":"page","link":"https:\/\/fashioncare.com.mx\/en\/catalogo\/","title":{"rendered":"CATALOGUE"},"content":{"rendered":"<div data-elementor-type=\"wp-page\" data-elementor-id=\"357\" class=\"elementor elementor-357\">\n\t\t\t\t\t\t<section class=\"elementor-section elementor-top-section elementor-element elementor-element-2e17aa8 elementor-section-full_width elementor-section-stretched elementor-section-height-default elementor-section-height-default\" data-id=\"2e17aa8\" data-element_type=\"section\" data-settings=\"{&quot;stretch_section&quot;:&quot;section-stretched&quot;,&quot;background_background&quot;:&quot;classic&quot;}\">\n\t\t\t\t\t\t\t<div class=\"elementor-background-overlay\"><\/div>\n\t\t\t\t\t\t\t<div class=\"elementor-container elementor-column-gap-default\">\n\t\t\t\t\t<div class=\"aux-parallax-section elementor-column elementor-col-100 elementor-top-column elementor-element elementor-element-c9609c6\" data-id=\"c9609c6\" data-element_type=\"column\">\n\t\t\t<div class=\"elementor-widget-wrap elementor-element-populated\">\n\t\t\t\t\t\t<div class=\"elementor-element elementor-element-34fddb4 elementor-widget elementor-widget-heading\" data-id=\"34fddb4\" data-element_type=\"widget\" data-widget_type=\"heading.default\">\n\t\t\t\t<div class=\"elementor-widget-container\">\n\t\t\t<style>\/*! elementor - v3.21.0 - 18-04-2024 *\/\n.elementor-heading-title{padding:0;margin:0;line-height:1}.elementor-widget-heading .elementor-heading-title[class*=elementor-size-]>a{color:inherit;font-size:inherit;line-height:inherit}.elementor-widget-heading .elementor-heading-title.elementor-size-small{font-size:15px}.elementor-widget-heading .elementor-heading-title.elementor-size-medium{font-size:19px}.elementor-widget-heading .elementor-heading-title.elementor-size-large{font-size:29px}.elementor-widget-heading .elementor-heading-title.elementor-size-xl{font-size:39px}.elementor-widget-heading .elementor-heading-title.elementor-size-xxl{font-size:59px}<\/style><h2 class=\"elementor-heading-title elementor-size-default\">CATALOGUE<\/h2>\t\t<\/div>\n\t\t\t\t<\/div>\n\t\t\t\t\t<\/div>\n\t\t<\/div>\n\t\t\t\t\t<\/div>\n\t\t<\/section>\n\t\t\t\t<section class=\"elementor-section elementor-top-section elementor-element elementor-element-1b74c02 elementor-section-full_width elementor-section-stretched elementor-section-height-default elementor-section-height-default\" data-id=\"1b74c02\" data-element_type=\"section\" data-settings=\"{&quot;stretch_section&quot;:&quot;section-stretched&quot;}\">\n\t\t\t\t\t\t<div class=\"elementor-container elementor-column-gap-default\">\n\t\t\t\t\t<div class=\"aux-parallax-section elementor-column elementor-col-100 elementor-top-column elementor-element elementor-element-d03819e\" data-id=\"d03819e\" data-element_type=\"column\">\n\t\t\t<div class=\"elementor-widget-wrap elementor-element-populated\">\n\t\t\t\t\t\t<div class=\"elementor-element elementor-element-5e85123 elementor-widget elementor-widget-text-editor\" data-id=\"5e85123\" data-element_type=\"widget\" data-widget_type=\"text-editor.default\">\n\t\t\t\t<div class=\"elementor-widget-container\">\n\t\t\t<style>\/*! elementor - v3.21.0 - 18-04-2024 *\/\n.elementor-widget-text-editor.elementor-drop-cap-view-stacked .elementor-drop-cap{background-color:#69727d;color:#fff}.elementor-widget-text-editor.elementor-drop-cap-view-framed .elementor-drop-cap{color:#69727d;border:3px solid;background-color:transparent}.elementor-widget-text-editor:not(.elementor-drop-cap-view-default) .elementor-drop-cap{margin-top:8px}.elementor-widget-text-editor:not(.elementor-drop-cap-view-default) .elementor-drop-cap-letter{width:1em;height:1em}.elementor-widget-text-editor .elementor-drop-cap{float:left;text-align:center;line-height:1;font-size:50px}.elementor-widget-text-editor .elementor-drop-cap-letter{display:inline-block}<\/style>\t\t\t\t<p>Click on each product to see more information and a video.&nbsp;<br><\/p>\t\t\t\t\t\t<\/div>\n\t\t\t\t<\/div>\n\t\t\t\t<div class=\"elementor-element elementor-element-f344612 elementor-widget elementor-widget-aux_product_grid\" data-id=\"f344612\" data-element_type=\"widget\" data-settings=\"{&quot;columns&quot;:&quot;4&quot;}\" data-widget_type=\"aux_product_grid.default\">\n\t\t\t\t<div class=\"elementor-widget-container\">\n\t\t\t<div class='woocommerce woocommerce-page aux-shop-archive'><ul class=\"products columns-4\">\n<li class=\"product type-product post-322 status-publish first instock product_cat-sin-categorizar has-post-thumbnail shipping-taxable purchasable product-type-simple aux-remove-view-cart\">\n\t<a href=\"https:\/\/fashioncare.com.mx\/en\/shop\/bata-con-broches-de-iman\/\"><h2 class=\"woocommerce-loop-product__title\">LONG ROBE WITH MAGNET BROOLS<\/h2><\/a><\/li>\n<li class=\"product type-product post-203 status-publish instock product_cat-sin-categorizar has-post-thumbnail shipping-taxable purchasable product-type-variable aux-remove-view-cart\">\n\t<a href=\"https:\/\/fashioncare.com.mx\/en\/shop\/pants-con-zippers-a-mitad-del-muslo-para-desmontar-la-parte-inferior-en-caso-de-fractura-de-rodilla-femur-u-otro-hueso-que-te-haya-dejado-yeso-o-aparato-hasta-arriba-de-la-rodilla\/\"><h2 class=\"woocommerce-loop-product__title\">PANTS WITH ZIPPERS IN THE MIDDLE OF THE THIGH TO REMOVE THE LOWER PART IN CASE OF A FRACTURE OF THE KNEE, FEMUR OR OTHER BONE THAT HAS LEFT YOU A CAST OR APPLIANCE UP TO ABOVE THE KNEE.<\/h2><\/a><\/li>\n<li class=\"product type-product post-184 status-publish instock product_cat-sin-categorizar has-post-thumbnail shipping-taxable purchasable product-type-variable aux-remove-view-cart\">\n\t<a href=\"https:\/\/fashioncare.com.mx\/en\/shop\/pantalon-para-mujer-con-cardigan-en-cintura-para-mas-comodidad-y-zipper-muy-largo-en-ambos-costado-para-facilitar-cambio-de-panal-o-compresas-o-vaciado-de-depositos-y-drenajes\/\"><h2 class=\"woocommerce-loop-product__title\">WOMEN&#039;S PANTS WITH CARDIGAN AT WAIST FOR MORE COMFORT AND VERY LONG ZIPPER ON BOTH SIDE TO FACILITATE CHANGE OF DIAPER OR PATIENTS OR EMPTYING TANKS AND DRAINS.<\/h2><\/a><\/li>\n<li class=\"product type-product post-165 status-publish last instock product_cat-sin-categorizar has-post-thumbnail shipping-taxable purchasable product-type-variable aux-remove-view-cart\">\n\t<a href=\"https:\/\/fashioncare.com.mx\/en\/shop\/pants-para-hombre-y-mujer-abiertos-en-ambos-costados-de-cintura-hasta-bajos-con-broches-y-ganchos-para-colgar-depositos-o-drenajes-y-dar-facilidad-de-uso-y-vaciado-de-estos\/\"><h2 class=\"woocommerce-loop-product__title\">PANTS FOR MEN AND WOMEN OPEN ON BOTH SIDES FROM WAIST TO BOTTOM WITH BROOLS AND HOOKS TO HANG TANKS OR DRAINS AND PROVIDE EASY USE AND EMPTYING OF THESE.<\/h2><\/a><\/li>\n<li class=\"product type-product post-146 status-publish first instock product_cat-sin-categorizar has-post-thumbnail shipping-taxable purchasable product-type-variable aux-remove-view-cart\">\n\t<a href=\"https:\/\/fashioncare.com.mx\/en\/shop\/pantalones-de-vestir-para-hombre-abiertos-de-rodilla-hasta-los-bajos-hay-con-abertura-en-pierna-derecha-o-izquierda-segun-sea-el-lado-afectado\/\"><h2 class=\"woocommerce-loop-product__title\">MEN&#039;S DRESS PANTS OPEN FROM THE KNEE TO THE BOTTOM. THERE IS AN OPENING ON THE RIGHT OR LEFT LEG DEPENDING ON THE AFFECTED SIDE.<\/h2><\/a><\/li>\n<li class=\"product type-product post-135 status-publish instock product_cat-sin-categorizar has-post-thumbnail shipping-taxable purchasable product-type-simple aux-remove-view-cart\">\n\t<a href=\"https:\/\/fashioncare.com.mx\/en\/shop\/bata-larga-con-zipper-frontal-y-abiertas-de-un-costado-con-broches-a-un-costado-y-bolsas-internas-para-colgar-drenajes-o-depositos\/\"><h2 class=\"woocommerce-loop-product__title\">LONG GOWN WITH FRONT ZIPPER AND OPEN ON ONE SIDE WITH CLIPS ON ONE SIDE AND INTERNAL BAGS TO HANG DRAINS OR TANKS<\/h2><\/a><\/li>\n<li class=\"product type-product post-125 status-publish instock product_cat-sin-categorizar has-post-thumbnail shipping-taxable purchasable product-type-variable aux-remove-view-cart\">\n\t<a href=\"https:\/\/fashioncare.com.mx\/en\/shop\/sudadera-post-operatoria-con-abertura-en-brazos-para-que-pasen-por-ahi-las-vias-de-suero-o-canalizaciones-bolsas-internas-para-sostener-depositos-o-drenajes\/\"><h2 class=\"woocommerce-loop-product__title\">POST-OPERATIVE SWEATSHIRT WITH OPENING IN THE ARMS SO THAT THE IVS OR CHANNELS CAN PASS THROUGH THERE. INTERNAL BAGS TO HOLD TANKS OR DRAINS.<\/h2><\/a><\/li>\n<li class=\"product type-product post-111 status-publish last instock product_cat-sin-categorizar has-post-thumbnail shipping-taxable purchasable product-type-variable aux-remove-view-cart\">\n\t<a href=\"https:\/\/fashioncare.com.mx\/en\/shop\/sudadera-post-operatoria-con-zippers-en-ambos-brazos-y-broche-en-puno-para-que-por-ahi-pasen-las-canalizaciones-y-bolsas-internas-para-sostener-depositos-o-drenajes-en-tela-polar-fleece\/\"><h2 class=\"woocommerce-loop-product__title\">POST-OPERATIVE SWEATSHIRT WITH ZIPPERS ON BOTH ARMS AND CLASP ON CUFF SO THAT THE CHANNELS AND INTERNAL BAGS CAN PASS THROUGH TO HOLD TANKS OR DRAINS. IN POLAR FABRIC \/ FLEECE<\/h2><\/a><\/li>\n<li class=\"product type-product post-94 status-publish first instock product_cat-sin-categorizar has-post-thumbnail shipping-taxable purchasable product-type-variable aux-remove-view-cart\">\n\t<a href=\"https:\/\/fashioncare.com.mx\/en\/shop\/camiseta-para-hombre-y-para-mujer-abiertas-del-costado-y-del-hombro\/\"><h2 class=\"woocommerce-loop-product__title\">T-SHIRT FOR MEN AND WOMEN OPEN ON THE SIDE AND SHOULDER<\/h2><\/a><\/li>\n<\/ul>\n<\/div>\t\t<\/div>\n\t\t\t\t<\/div>\n\t\t\t\t\t<\/div>\n\t\t<\/div>\n\t\t\t\t\t<\/div>\n\t\t<\/section>\n\t\t\t\t<section class=\"elementor-section elementor-top-section elementor-element elementor-element-39ef8e6 elementor-section-boxed elementor-section-height-default elementor-section-height-default\" data-id=\"39ef8e6\" data-element_type=\"section\">\n\t\t\t\t\t\t<div class=\"elementor-container elementor-column-gap-default\">\n\t\t\t\t\t<div class=\"aux-parallax-section elementor-column elementor-col-100 elementor-top-column elementor-element elementor-element-5c36e99\" data-id=\"5c36e99\" data-element_type=\"column\">\n\t\t\t<div class=\"elementor-widget-wrap\">\n\t\t\t\t\t\t\t<\/div>\n\t\t<\/div>\n\t\t\t\t\t<\/div>\n\t\t<\/section>\n\t\t\t\t<\/div>","protected":false},"excerpt":{"rendered":"<p>CAT\u00c1LOGO Haz click en cada producto para ver m\u00e1s informaci\u00f3n y un v\u00eddeo.&nbsp; BATA LARGA CON BROCHES DE IM\u00c1N &#36;1,095.00 PANTS CON ZIPPERS A MITAD DEL MUSLO PARA DESMONTAR LA PARTE INFERIOR EN CASO DE FRACTURA DE RODILLA, FEMUR U OTRO HUESO QUE TE HAYA DEJADO YESO O APARATO HASTA ARRIBA DE LA RODILLA. &#36;845.00 [&hellip;]<\/p>","protected":false},"author":1,"featured_media":0,"parent":0,"menu_order":0,"comment_status":"closed","ping_status":"closed","template":"","meta":{"footnotes":""},"class_list":["post-357","page","type-page","status-publish","hentry"],"_links":{"self":[{"href":"https:\/\/fashioncare.com.mx\/en\/wp-json\/wp\/v2\/pages\/357","targetHints":{"allow":["GET"]}}],"collection":[{"href":"https:\/\/fashioncare.com.mx\/en\/wp-json\/wp\/v2\/pages"}],"about":[{"href":"https:\/\/fashioncare.com.mx\/en\/wp-json\/wp\/v2\/types\/page"}],"author":[{"embeddable":true,"href":"https:\/\/fashioncare.com.mx\/en\/wp-json\/wp\/v2\/users\/1"}],"replies":[{"embeddable":true,"href":"https:\/\/fashioncare.com.mx\/en\/wp-json\/wp\/v2\/comments?post=357"}],"version-history":[{"count":16,"href":"https:\/\/fashioncare.com.mx\/en\/wp-json\/wp\/v2\/pages\/357\/revisions"}],"predecessor-version":[{"id":388,"href":"https:\/\/fashioncare.com.mx\/en\/wp-json\/wp\/v2\/pages\/357\/revisions\/388"}],"wp:attachment":[{"href":"https:\/\/fashioncare.com.mx\/en\/wp-json\/wp\/v2\/media?parent=357"}],"curies":[{"name":"wp","href":"https:\/\/api.w.org\/{rel}","templated":true}]}}