{"id":67,"date":"2023-02-01T01:43:09","date_gmt":"2023-02-01T01:43:09","guid":{"rendered":"https:\/\/fashioncare.com.mx\/?page_id=67"},"modified":"2024-04-29T02:21:51","modified_gmt":"2024-04-29T02:21:51","slug":"conocenos","status":"publish","type":"page","link":"https:\/\/fashioncare.com.mx\/en\/conocenos\/","title":{"rendered":"KNOW US"},"content":{"rendered":"<div data-elementor-type=\"wp-page\" data-elementor-id=\"67\" class=\"elementor elementor-67\">\n\t\t\t\t\t\t<section class=\"elementor-section elementor-top-section elementor-element elementor-element-0ccca89 elementor-reverse-mobile elementor-section-boxed elementor-section-height-default elementor-section-height-default\" data-id=\"0ccca89\" data-element_type=\"section\" data-settings=\"{&quot;background_background&quot;:&quot;classic&quot;}\">\n\t\t\t\t\t\t<div class=\"elementor-container elementor-column-gap-default\">\n\t\t\t\t\t<div class=\"aux-parallax-section elementor-column elementor-col-50 elementor-top-column elementor-element elementor-element-d8ff5c6\" data-id=\"d8ff5c6\" data-element_type=\"column\">\n\t\t\t<div class=\"elementor-widget-wrap elementor-element-populated\">\n\t\t\t\t\t\t<div class=\"elementor-element elementor-element-2a7237a elementor-widget elementor-widget-image\" data-id=\"2a7237a\" data-element_type=\"widget\" data-widget_type=\"image.default\">\n\t\t\t\t<div class=\"elementor-widget-container\">\n\t\t\t<style>\/*! elementor - v3.21.0 - 18-04-2024 *\/\n.elementor-widget-image{text-align:center}.elementor-widget-image a{display:inline-block}.elementor-widget-image a img[src$=\".svg\"]{width:48px}.elementor-widget-image img{vertical-align:middle;display:inline-block}<\/style>\t\t\t\t\t\t\t\t\t\t<img fetchpriority=\"high\" decoding=\"async\" width=\"440\" height=\"1024\" src=\"https:\/\/fashioncare.com.mx\/wp-content\/uploads\/2023\/02\/Mod-A-006-copy-Edited-1-440x1024.png\" class=\"attachment-large size-large wp-image-71\" alt=\"\" \/>\t\t\t\t\t\t\t\t\t\t\t\t\t<\/div>\n\t\t\t\t<\/div>\n\t\t\t\t\t<\/div>\n\t\t<\/div>\n\t\t\t\t<div class=\"aux-parallax-section elementor-column elementor-col-50 elementor-top-column elementor-element elementor-element-ef7b24d\" data-id=\"ef7b24d\" data-element_type=\"column\">\n\t\t\t<div class=\"elementor-widget-wrap elementor-element-populated\">\n\t\t\t\t\t\t<div class=\"elementor-element elementor-element-8090792 elementor-widget elementor-widget-heading\" data-id=\"8090792\" data-element_type=\"widget\" data-widget_type=\"heading.default\">\n\t\t\t\t<div class=\"elementor-widget-container\">\n\t\t\t<style>\/*! elementor - v3.21.0 - 18-04-2024 *\/\n.elementor-heading-title{padding:0;margin:0;line-height:1}.elementor-widget-heading .elementor-heading-title[class*=elementor-size-]>a{color:inherit;font-size:inherit;line-height:inherit}.elementor-widget-heading .elementor-heading-title.elementor-size-small{font-size:15px}.elementor-widget-heading .elementor-heading-title.elementor-size-medium{font-size:19px}.elementor-widget-heading .elementor-heading-title.elementor-size-large{font-size:29px}.elementor-widget-heading .elementor-heading-title.elementor-size-xl{font-size:39px}.elementor-widget-heading .elementor-heading-title.elementor-size-xxl{font-size:59px}<\/style><h2 class=\"elementor-heading-title elementor-size-default\">How was Fashion Care born?<\/h2>\t\t<\/div>\n\t\t\t\t<\/div>\n\t\t\t\t<section class=\"elementor-section elementor-inner-section elementor-element elementor-element-2993695 elementor-section-boxed elementor-section-height-default elementor-section-height-default\" data-id=\"2993695\" data-element_type=\"section\">\n\t\t\t\t\t\t<div class=\"elementor-container elementor-column-gap-default\">\n\t\t\t\t\t<div class=\"aux-parallax-section elementor-column elementor-col-50 elementor-inner-column elementor-element elementor-element-84211a2\" data-id=\"84211a2\" data-element_type=\"column\">\n\t\t\t<div class=\"elementor-widget-wrap elementor-element-populated\">\n\t\t\t\t\t\t<div class=\"elementor-element elementor-element-6a744c5 elementor-widget elementor-widget-image\" data-id=\"6a744c5\" data-element_type=\"widget\" data-widget_type=\"image.default\">\n\t\t\t\t<div class=\"elementor-widget-container\">\n\t\t\t\t\t\t\t\t\t\t\t\t\t<img decoding=\"async\" width=\"1024\" height=\"1024\" src=\"https:\/\/fashioncare.com.mx\/wp-content\/uploads\/2023\/02\/Copy-of-\u00bfQue-es-CLH-\u00bfQuien-eres-tu-en-CLH-1024x1024.png\" class=\"attachment-large size-large wp-image-72\" alt=\"\" srcset=\"https:\/\/fashioncare.com.mx\/wp-content\/uploads\/2023\/02\/Copy-of-\u00bfQue-es-CLH-\u00bfQuien-eres-tu-en-CLH-1024x1024.png 1024w, https:\/\/fashioncare.com.mx\/wp-content\/uploads\/2023\/02\/Copy-of-\u00bfQue-es-CLH-\u00bfQuien-eres-tu-en-CLH-300x300.png 300w, https:\/\/fashioncare.com.mx\/wp-content\/uploads\/2023\/02\/Copy-of-\u00bfQue-es-CLH-\u00bfQuien-eres-tu-en-CLH-100x100.png 100w, https:\/\/fashioncare.com.mx\/wp-content\/uploads\/2023\/02\/Copy-of-\u00bfQue-es-CLH-\u00bfQuien-eres-tu-en-CLH-150x150.png 150w, https:\/\/fashioncare.com.mx\/wp-content\/uploads\/2023\/02\/Copy-of-\u00bfQue-es-CLH-\u00bfQuien-eres-tu-en-CLH-768x768.png 768w\" sizes=\"(max-width: 1024px) 100vw, 1024px\" \/>\t\t\t\t\t\t\t\t\t\t\t\t\t<\/div>\n\t\t\t\t<\/div>\n\t\t\t\t\t<\/div>\n\t\t<\/div>\n\t\t\t\t<div class=\"aux-parallax-section elementor-column elementor-col-50 elementor-inner-column elementor-element elementor-element-fc8abc3\" data-id=\"fc8abc3\" data-element_type=\"column\">\n\t\t\t<div class=\"elementor-widget-wrap elementor-element-populated\">\n\t\t\t\t\t\t<div class=\"elementor-element elementor-element-cb96cdb elementor-widget elementor-widget-text-editor\" data-id=\"cb96cdb\" data-element_type=\"widget\" data-widget_type=\"text-editor.default\">\n\t\t\t\t<div class=\"elementor-widget-container\">\n\t\t\t<style>\/*! elementor - v3.21.0 - 18-04-2024 *\/\n.elementor-widget-text-editor.elementor-drop-cap-view-stacked .elementor-drop-cap{background-color:#69727d;color:#fff}.elementor-widget-text-editor.elementor-drop-cap-view-framed .elementor-drop-cap{color:#69727d;border:3px solid;background-color:transparent}.elementor-widget-text-editor:not(.elementor-drop-cap-view-default) .elementor-drop-cap{margin-top:8px}.elementor-widget-text-editor:not(.elementor-drop-cap-view-default) .elementor-drop-cap-letter{width:1em;height:1em}.elementor-widget-text-editor .elementor-drop-cap{float:left;text-align:center;line-height:1;font-size:50px}.elementor-widget-text-editor .elementor-drop-cap-letter{display:inline-block}<\/style>\t\t\t\t<p>This project arises from the need to offer alternatives that generate solutions to problems commonly found in patients facing any type of convalescence or disability. We have all been or have a close family member in a similar situation and unfortunately we realized that all the medical part and steps to follow can be found anywhere but we have forgotten to be able to provide the patient with comfort, functionality and, above all, take care of their dignity in periods difficult.\u00a0<\/p>\t\t\t\t\t\t<\/div>\n\t\t\t\t<\/div>\n\t\t\t\t\t<\/div>\n\t\t<\/div>\n\t\t\t\t\t<\/div>\n\t\t<\/section>\n\t\t\t\t<section class=\"elementor-section elementor-inner-section elementor-element elementor-element-7800bc2 elementor-section-boxed elementor-section-height-default elementor-section-height-default\" data-id=\"7800bc2\" data-element_type=\"section\" data-settings=\"{&quot;background_background&quot;:&quot;classic&quot;}\">\n\t\t\t\t\t\t<div class=\"elementor-container elementor-column-gap-default\">\n\t\t\t\t\t<div class=\"aux-parallax-section elementor-column elementor-col-50 elementor-inner-column elementor-element elementor-element-5c5d237\" data-id=\"5c5d237\" data-element_type=\"column\">\n\t\t\t<div class=\"elementor-widget-wrap elementor-element-populated\">\n\t\t\t\t\t\t<div class=\"elementor-element elementor-element-53bec77 elementor-widget elementor-widget-image\" data-id=\"53bec77\" data-element_type=\"widget\" data-widget_type=\"image.default\">\n\t\t\t\t<div class=\"elementor-widget-container\">\n\t\t\t\t\t\t\t\t\t\t\t\t\t<img decoding=\"async\" width=\"840\" height=\"1024\" src=\"https:\/\/fashioncare.com.mx\/wp-content\/uploads\/2023\/02\/Copy-of-\u00bfQue-es-CLH-\u00bfQuien-eres-tu-en-CLH-1-840x1024.png\" class=\"attachment-large size-large wp-image-73\" alt=\"\" \/>\t\t\t\t\t\t\t\t\t\t\t\t\t<\/div>\n\t\t\t\t<\/div>\n\t\t\t\t\t<\/div>\n\t\t<\/div>\n\t\t\t\t<div class=\"aux-parallax-section elementor-column elementor-col-50 elementor-inner-column elementor-element elementor-element-3d1df8a\" data-id=\"3d1df8a\" data-element_type=\"column\">\n\t\t\t<div class=\"elementor-widget-wrap elementor-element-populated\">\n\t\t\t\t\t\t<div class=\"elementor-element elementor-element-4115cc9 elementor-widget elementor-widget-text-editor\" data-id=\"4115cc9\" data-element_type=\"widget\" data-widget_type=\"text-editor.default\">\n\t\t\t\t<div class=\"elementor-widget-container\">\n\t\t\t\t\t\t\t<p>We would like to tell you a brief summary of the story of a patient diagnosed with breast cancer. Having all the doctor&#039;s instructions about the operation that had to be performed, she, like any other person, packed her most beautiful nightgown\/gown set in her suitcase, thinking that she would use it after the surgery since she thought the recovery would be similar to that of giving gave birth to her baby. In conclusion, the woman was very far from what would actually happen where the only thing she could use were the typical hospital gowns where not only your body but part of your dignity is exposed. We had several testimonies from people with motor disabilities, missing parts of the body or very limited mobility, which motivated us to contribute our grain of sand.<\/p>\t\t\t\t\t\t<\/div>\n\t\t\t\t<\/div>\n\t\t\t\t\t<\/div>\n\t\t<\/div>\n\t\t\t\t\t<\/div>\n\t\t<\/section>\n\t\t\t\t<section class=\"elementor-section elementor-inner-section elementor-element elementor-element-fb2a018 elementor-section-boxed elementor-section-height-default elementor-section-height-default\" data-id=\"fb2a018\" data-element_type=\"section\" data-settings=\"{&quot;background_background&quot;:&quot;classic&quot;}\">\n\t\t\t\t\t\t<div class=\"elementor-container elementor-column-gap-default\">\n\t\t\t\t\t<div class=\"aux-parallax-section elementor-column elementor-col-50 elementor-inner-column elementor-element elementor-element-f7f00f2\" data-id=\"f7f00f2\" data-element_type=\"column\">\n\t\t\t<div class=\"elementor-widget-wrap elementor-element-populated\">\n\t\t\t\t\t\t<div class=\"elementor-element elementor-element-ba0e016 elementor-widget elementor-widget-image\" data-id=\"ba0e016\" data-element_type=\"widget\" data-widget_type=\"image.default\">\n\t\t\t\t<div class=\"elementor-widget-container\">\n\t\t\t\t\t\t\t\t\t\t\t\t\t<img loading=\"lazy\" decoding=\"async\" width=\"1024\" height=\"1024\" src=\"https:\/\/fashioncare.com.mx\/wp-content\/uploads\/2023\/02\/Copy-of-\u00bfQue-es-CLH-\u00bfQuien-eres-tu-en-CLH-2-1024x1024.png\" class=\"attachment-large size-large wp-image-78\" alt=\"\" srcset=\"https:\/\/fashioncare.com.mx\/wp-content\/uploads\/2023\/02\/Copy-of-\u00bfQue-es-CLH-\u00bfQuien-eres-tu-en-CLH-2-1024x1024.png 1024w, https:\/\/fashioncare.com.mx\/wp-content\/uploads\/2023\/02\/Copy-of-\u00bfQue-es-CLH-\u00bfQuien-eres-tu-en-CLH-2-300x300.png 300w, https:\/\/fashioncare.com.mx\/wp-content\/uploads\/2023\/02\/Copy-of-\u00bfQue-es-CLH-\u00bfQuien-eres-tu-en-CLH-2-100x100.png 100w, https:\/\/fashioncare.com.mx\/wp-content\/uploads\/2023\/02\/Copy-of-\u00bfQue-es-CLH-\u00bfQuien-eres-tu-en-CLH-2-150x150.png 150w, https:\/\/fashioncare.com.mx\/wp-content\/uploads\/2023\/02\/Copy-of-\u00bfQue-es-CLH-\u00bfQuien-eres-tu-en-CLH-2-768x768.png 768w\" sizes=\"(max-width: 1024px) 100vw, 1024px\" \/>\t\t\t\t\t\t\t\t\t\t\t\t\t<\/div>\n\t\t\t\t<\/div>\n\t\t\t\t\t<\/div>\n\t\t<\/div>\n\t\t\t\t<div class=\"aux-parallax-section elementor-column elementor-col-50 elementor-inner-column elementor-element elementor-element-5970062\" data-id=\"5970062\" data-element_type=\"column\">\n\t\t\t<div class=\"elementor-widget-wrap elementor-element-populated\">\n\t\t\t\t\t\t<div class=\"elementor-element elementor-element-dff3aa7 elementor-widget elementor-widget-text-editor\" data-id=\"dff3aa7\" data-element_type=\"widget\" data-widget_type=\"text-editor.default\">\n\t\t\t\t<div class=\"elementor-widget-container\">\n\t\t\t\t\t\t\t<p>Like this case, we had several testimonies from people with motor disabilities, lack of a member of the body or very limited mobility, which motivated us to contribute a grain of sand to our society since, based on our research in 85% of cases after surgeries, there is no adequate clothing that is functional, practical and comfortable to be able to follow our daily routine and that can also provide us with style and independence<\/p>\t\t\t\t\t\t<\/div>\n\t\t\t\t<\/div>\n\t\t\t\t\t<\/div>\n\t\t<\/div>\n\t\t\t\t\t<\/div>\n\t\t<\/section>\n\t\t\t\t\t<\/div>\n\t\t<\/div>\n\t\t\t\t\t<\/div>\n\t\t<\/section>\n\t\t\t\t<\/div>","protected":false},"excerpt":{"rendered":"<p>\u00bfC\u00f3mo nace Fashion Care? Este proyecto surge de la necesidad de ofrecer alternativas que generen soluciones a problemas com\u00fanmente encontrados en pacientes que se enfrentan a cualquier tipo de convalecencia o discapacidad. Todos hemos estado o tenemos alg\u00fan familiar cercano en una situaci\u00f3n similar y desafortunadamente nos dimos cuenta que toda la parte m\u00e9dica y [&hellip;]<\/p>","protected":false},"author":1,"featured_media":0,"parent":0,"menu_order":0,"comment_status":"closed","ping_status":"closed","template":"","meta":{"footnotes":""},"class_list":["post-67","page","type-page","status-publish","hentry"],"_links":{"self":[{"href":"https:\/\/fashioncare.com.mx\/en\/wp-json\/wp\/v2\/pages\/67","targetHints":{"allow":["GET"]}}],"collection":[{"href":"https:\/\/fashioncare.com.mx\/en\/wp-json\/wp\/v2\/pages"}],"about":[{"href":"https:\/\/fashioncare.com.mx\/en\/wp-json\/wp\/v2\/types\/page"}],"author":[{"embeddable":true,"href":"https:\/\/fashioncare.com.mx\/en\/wp-json\/wp\/v2\/users\/1"}],"replies":[{"embeddable":true,"href":"https:\/\/fashioncare.com.mx\/en\/wp-json\/wp\/v2\/comments?post=67"}],"version-history":[{"count":19,"href":"https:\/\/fashioncare.com.mx\/en\/wp-json\/wp\/v2\/pages\/67\/revisions"}],"predecessor-version":[{"id":328,"href":"https:\/\/fashioncare.com.mx\/en\/wp-json\/wp\/v2\/pages\/67\/revisions\/328"}],"wp:attachment":[{"href":"https:\/\/fashioncare.com.mx\/en\/wp-json\/wp\/v2\/media?parent=67"}],"curies":[{"name":"wp","href":"https:\/\/api.w.org\/{rel}","templated":true}]}}