{"id":165,"date":"2023-02-02T00:11:29","date_gmt":"2023-02-02T00:11:29","guid":{"rendered":"https:\/\/fashioncare.com.mx\/?post_type=product&#038;p=165"},"modified":"2024-05-27T21:23:20","modified_gmt":"2024-05-27T21:23:20","slug":"pants-para-hombre-y-mujer-abiertos-en-ambos-costados-de-cintura-hasta-bajos-con-broches-y-ganchos-para-colgar-depositos-o-drenajes-y-dar-facilidad-de-uso-y-vaciado-de-estos","status":"publish","type":"product","link":"https:\/\/fashioncare.com.mx\/en\/shop\/pants-para-hombre-y-mujer-abiertos-en-ambos-costados-de-cintura-hasta-bajos-con-broches-y-ganchos-para-colgar-depositos-o-drenajes-y-dar-facilidad-de-uso-y-vaciado-de-estos\/","title":{"rendered":"PANTS FOR MEN AND WOMEN OPEN ON BOTH SIDES FROM WAIST TO BOTTOM WITH BROOLS AND HOOKS TO HANG TANKS OR DRAINS AND PROVIDE EASY USE AND EMPTYING OF THESE."},"content":{"rendered":"<div class=\"page\" title=\"Page 1\">\n<div class=\"layoutArea\">\n<div class=\"column\">\n<div class=\"page\" title=\"Page 2\">\n<div class=\"layoutArea\">\n<div class=\"column\">\n<div class=\"page\" title=\"Page 4\">\n<div class=\"layoutArea\">\n<div class=\"column\">\n<div class=\"page\" title=\"Page 7\">\n<div class=\"layoutArea\">\n<div class=\"column\">\n<p>Comfortable unisex pants in polyester\/spandex with cardigan\/spring at the waist for easy adaptation, side snaps on the outside of the leg from waist to bottom (to make it easier to put them on without causing discomfort to the patient) where there are also hooks at strategic heights and medically supervised to hang the drains and deposits left by doctors after operations such as \u201ctransurethral resection of prostate and seminal glands\u201d, \u201cbladder extraction\u201d, gastric cancer\u201d, \u201ccolostomies\u201d, \u201chysterectomy\u201d and etc. whether for cancer or others ailments. Since most of the time (especially urine deposits) the patient must carry them in his hand, (which is uncomfortable and does not give the option of having his hands free) and it must be at the height required by the doctor, to prevent fluids from returning. In Rome knit type fabric of 60% polyamide, 35% viscose and 5% spandex.<br \/>\nSizes CH, M, G and EXG.<\/p>\n<\/div>\n<\/div>\n<\/div>\n<\/div>\n<div style=\"width: 640px;\" class=\"wp-video\"><video class=\"wp-video-shortcode\" id=\"video-165-1\" width=\"640\" height=\"360\" preload=\"metadata\" controls=\"controls\"><source type=\"video\/mp4\" src=\"https:\/\/fashioncare.com.mx\/wp-content\/uploads\/2023\/02\/Drenaje-de-vejiga-Pants-Fashion-Care.mp4?_=1\" \/><a href=\"https:\/\/fashioncare.com.mx\/wp-content\/uploads\/2023\/02\/Drenaje-de-vejiga-Pants-Fashion-Care.mp4\">https:\/\/fashioncare.com.mx\/wp-content\/uploads\/2023\/02\/Drenaje-de-vejiga-Pants-Fashion-Care.mp4<\/a><\/video><\/div>\n<\/div>\n<\/div>\n<\/div>\n<\/div>\n<\/div>\n<\/div>\n<\/div>\n<\/div>","protected":false},"excerpt":{"rendered":"<p>C\u00f3modos pants unisex en poliester\/spandex con cardigan\/resorte en cintura para f\u00e1cil adaptaci\u00f3n, broches de presi\u00f3n laterales en la parte externa de la pierna de cintura a bajos ( para facilitar pon\u00e9rselos sin ocasionar molestias al paciente) donde tambi\u00e9n vienen ganchos en alturas estrat\u00e9gicas y medicamente supervisadas para colgar los drenajes y dep\u00f3sitos que dejan los [&hellip;]<\/p>","protected":false},"featured_media":175,"comment_status":"open","ping_status":"closed","template":"","meta":[],"product_cat":[19],"product_tag":[],"class_list":["post-165","product","type-product","status-publish","has-post-thumbnail","hentry","product_cat-sin-categorizar"],"_links":{"self":[{"href":"https:\/\/fashioncare.com.mx\/en\/wp-json\/wp\/v2\/product\/165","targetHints":{"allow":["GET"]}}],"collection":[{"href":"https:\/\/fashioncare.com.mx\/en\/wp-json\/wp\/v2\/product"}],"about":[{"href":"https:\/\/fashioncare.com.mx\/en\/wp-json\/wp\/v2\/types\/product"}],"replies":[{"embeddable":true,"href":"https:\/\/fashioncare.com.mx\/en\/wp-json\/wp\/v2\/comments?post=165"}],"wp:featuredmedia":[{"embeddable":true,"href":"https:\/\/fashioncare.com.mx\/en\/wp-json\/wp\/v2\/media\/175"}],"wp:attachment":[{"href":"https:\/\/fashioncare.com.mx\/en\/wp-json\/wp\/v2\/media?parent=165"}],"wp:term":[{"taxonomy":"product_cat","embeddable":true,"href":"https:\/\/fashioncare.com.mx\/en\/wp-json\/wp\/v2\/product_cat?post=165"},{"taxonomy":"product_tag","embeddable":true,"href":"https:\/\/fashioncare.com.mx\/en\/wp-json\/wp\/v2\/product_tag?post=165"}],"curies":[{"name":"wp","href":"https:\/\/api.w.org\/{rel}","templated":true}]}}