{"id":322,"date":"2024-04-29T02:27:52","date_gmt":"2024-04-29T02:27:52","guid":{"rendered":"https:\/\/fashioncare.com.mx\/?post_type=product&#038;p=322"},"modified":"2024-05-27T20:54:14","modified_gmt":"2024-05-27T20:54:14","slug":"bata-con-broches-de-iman","status":"publish","type":"product","link":"https:\/\/fashioncare.com.mx\/en\/shop\/bata-con-broches-de-iman\/","title":{"rendered":"LONG ROBE WITH MAGNET BROOLS"},"content":{"rendered":"<p>Functional long unisex gown with magnet snaps on the front for easy closing or opening, open on the side with snaps and hooks for hanging probes or drains. Closures on both arms and on the fronts under the shoulder to place direct channels or catheters there, without having to undress. Interior bags for probes or personal things.<\/p>","protected":false},"excerpt":{"rendered":"<p>Funcional bata larga unisex con broches de im\u00e1n en el frente para facilitar su cierre o abertura, abierta al costado con broches y ganchos para colgar sondas o drenajes. Cierres en ambos brazos y en los frentes bajo el hombro para colocar ah\u00ed canalizaciones directas o v\u00eda cat\u00e9teres, sin tener que desvestirse. Bolsas interiores para [&hellip;]<\/p>","protected":false},"featured_media":349,"comment_status":"open","ping_status":"closed","template":"","meta":[],"product_cat":[19],"product_tag":[],"class_list":["post-322","product","type-product","status-publish","has-post-thumbnail","hentry","product_cat-sin-categorizar"],"_links":{"self":[{"href":"https:\/\/fashioncare.com.mx\/en\/wp-json\/wp\/v2\/product\/322","targetHints":{"allow":["GET"]}}],"collection":[{"href":"https:\/\/fashioncare.com.mx\/en\/wp-json\/wp\/v2\/product"}],"about":[{"href":"https:\/\/fashioncare.com.mx\/en\/wp-json\/wp\/v2\/types\/product"}],"replies":[{"embeddable":true,"href":"https:\/\/fashioncare.com.mx\/en\/wp-json\/wp\/v2\/comments?post=322"}],"wp:featuredmedia":[{"embeddable":true,"href":"https:\/\/fashioncare.com.mx\/en\/wp-json\/wp\/v2\/media\/349"}],"wp:attachment":[{"href":"https:\/\/fashioncare.com.mx\/en\/wp-json\/wp\/v2\/media?parent=322"}],"wp:term":[{"taxonomy":"product_cat","embeddable":true,"href":"https:\/\/fashioncare.com.mx\/en\/wp-json\/wp\/v2\/product_cat?post=322"},{"taxonomy":"product_tag","embeddable":true,"href":"https:\/\/fashioncare.com.mx\/en\/wp-json\/wp\/v2\/product_tag?post=322"}],"curies":[{"name":"wp","href":"https:\/\/api.w.org\/{rel}","templated":true}]}}